{"id":12,"date":"2023-01-18T13:11:07","date_gmt":"2023-01-18T12:11:07","guid":{"rendered":"http:\/\/larosagartenbau.de\/?page_id=12"},"modified":"2023-01-18T13:11:07","modified_gmt":"2023-01-18T12:11:07","slug":"leistungen","status":"publish","type":"page","link":"https:\/\/larosagartenbau.de\/","title":{"rendered":"Leistungen"},"content":{"rendered":"\n<p><strong>Gartenbau<\/strong><\/p>\n\n\n\n<ul class=\"wp-block-list\"><li>Gartenpflege<\/li><li>Hecken und Strauchschnitt<\/li><li>Plasterarbeiten<\/li><li>Herstellung von Pfropfstellen<\/li><\/ul>\n\n\n\n<p><strong>HAUSMEISTERDIENST<\/strong><\/p>\n\n\n\n<p>Wir bieten Ihnen komplette Leistungen rund um ihr Anwesen.<\/p>\n\n\n\n<ul class=\"wp-block-list\"><li>B\u00fcro und Treppenhausreinigung<\/li><li>Glasreinigung<\/li><li>Kehrwoche<\/li><li>M\u00fclleimerbereitstellung<\/li><li>Winterdienst<\/li><li>Terrassenreinigung<\/li><li>Aussenpflege<\/li><li>Entr\u00fcmpelungen<\/li><li>und vieles mehr<\/li><\/ul>\n","protected":false},"excerpt":{"rendered":"<p>Gartenbau Gartenpflege Hecken und Strauchschnitt Plasterarbeiten Herstellung von Pfropfstellen HAUSMEISTERDIENST Wir bieten Ihnen komplette Leistungen rund um ihr Anwesen. B\u00fcro und Treppenhausreinigung Glasreinigung Kehrwoche M\u00fclleimerbereitstellung Winterdienst Terrassenreinigung Aussenpflege Entr\u00fcmpelungen und vieles mehr<\/p>\n","protected":false},"author":1,"featured_media":0,"parent":0,"menu_order":0,"comment_status":"closed","ping_status":"closed","template":"","meta":{"footnotes":""},"class_list":["post-12","page","type-page","status-publish","hentry"],"_links":{"self":[{"href":"https:\/\/larosagartenbau.de\/index.php?rest_route=\/wp\/v2\/pages\/12","targetHints":{"allow":["GET"]}}],"collection":[{"href":"https:\/\/larosagartenbau.de\/index.php?rest_route=\/wp\/v2\/pages"}],"about":[{"href":"https:\/\/larosagartenbau.de\/index.php?rest_route=\/wp\/v2\/types\/page"}],"author":[{"embeddable":true,"href":"https:\/\/larosagartenbau.de\/index.php?rest_route=\/wp\/v2\/users\/1"}],"replies":[{"embeddable":true,"href":"https:\/\/larosagartenbau.de\/index.php?rest_route=%2Fwp%2Fv2%2Fcomments&post=12"}],"version-history":[{"count":1,"href":"https:\/\/larosagartenbau.de\/index.php?rest_route=\/wp\/v2\/pages\/12\/revisions"}],"predecessor-version":[{"id":13,"href":"https:\/\/larosagartenbau.de\/index.php?rest_route=\/wp\/v2\/pages\/12\/revisions\/13"}],"wp:attachment":[{"href":"https:\/\/larosagartenbau.de\/index.php?rest_route=%2Fwp%2Fv2%2Fmedia&parent=12"}],"curies":[{"name":"wp","href":"https:\/\/api.w.org\/{rel}","templated":true}]}}